{"id":104,"date":"2018-07-23T11:59:26","date_gmt":"2018-07-23T11:59:26","guid":{"rendered":"https:\/\/themepalacedemo.com\/archi-pro\/?page_id=104"},"modified":"2023-10-06T04:35:16","modified_gmt":"2023-10-06T04:35:16","slug":"icon-beyond-gdc-desarrollos","status":"publish","type":"page","link":"https:\/\/gdcdesarrollos.com\/blog\/icon-beyond-gdc-desarrollos\/","title":{"rendered":"Icon Beyond por Santiago Morales Broc"},"content":{"rendered":"\n<p>Icon Beyond revoluciona el concepto arquitect\u00f3nico mexicano mediante la tecnolog\u00eda, modernidad, lujo y dise\u00f1o que lo caracterizan.<\/p>\n\n\n\n<p>Dentro de Icon Beyond podr\u00e1s encontrar incre\u00edbles espacios creados para la comodidad que esperas recibir de tu hogar, y fuera de \u00e9l, tendr\u00e1s toda la practicidad que la zona ofrece. Este complejo residencial se ubica en una de las \u00e1reas con mejor plusval\u00eda de la Ciudad de M\u00e9xico, lo que te brinda f\u00e1cil acceso y el beneficio de estar conectado a las v\u00edas principales de toda la ciudad.<\/p>\n\n\n\n<p>En la b\u00fasqueda del equilibrio entre bienestar f\u00edsico, relajaci\u00f3n, entretenimiento y vida social, desarrollamos en Icon Beyond incre\u00edbles amenidades:<\/p>\n\n\n<div class=\"wp-block-image\">\n<figure class=\"aligncenter size-large\"><img loading=\"lazy\" decoding=\"async\" width=\"1024\" height=\"614\" src=\"https:\/\/gdcdesarrollos.com\/blog\/wp-content\/uploads\/2023\/08\/skypool-icon-beyond-1024x614.webp\" alt=\"\" class=\"wp-image-454\" srcset=\"https:\/\/gdcdesarrollos.com\/blog\/wp-content\/uploads\/2023\/08\/skypool-icon-beyond-1024x614.webp 1024w, https:\/\/gdcdesarrollos.com\/blog\/wp-content\/uploads\/2023\/08\/skypool-icon-beyond-300x180.webp 300w, https:\/\/gdcdesarrollos.com\/blog\/wp-content\/uploads\/2023\/08\/skypool-icon-beyond-768x461.webp 768w, https:\/\/gdcdesarrollos.com\/blog\/wp-content\/uploads\/2023\/08\/skypool-icon-beyond-1536x922.webp 1536w, https:\/\/gdcdesarrollos.com\/blog\/wp-content\/uploads\/2023\/08\/skypool-icon-beyond-2048x1229.webp 2048w\" sizes=\"auto, (max-width: 1024px) 100vw, 1024px\" \/><\/figure>\n<\/div>\n\n\n<figure class=\"wp-block-table\"><table><thead><tr><td><i class=\"fa-solid fa-circle\"><\/i>Sky bar con \u00e1rea lounge<\/td><td><i class=\"fa-solid fa-circle\"><\/i>Sky pool<\/td><\/tr><\/thead><tbody><tr><td><i class=\"fa-solid fa-circle\"><\/i>Gimnasio<\/td><td><i class=\"fa-solid fa-circle\"><\/i>Spa<\/td><\/tr><tr><td><i class=\"fa-solid fa-circle\"><\/i>Carril de nado<\/td><td><i class=\"fa-solid fa-circle\"><\/i>Sala de cine<\/td><\/tr><tr><td><i class=\"fa-solid fa-circle\"><\/i>Kids club<\/td><td><i class=\"fa-solid fa-circle\"><\/i>Sal\u00f3n de eventos<\/td><\/tr><tr><td><i class=\"fa-solid fa-circle\"><\/i>Local Comercial<\/td><td><i class=\"fa-solid fa-circle\"><\/i>Lobby<\/td><\/tr><tr><td><i class=\"fa-solid fa-circle\"><\/i>Motor Lobby<\/td><td><i class=\"fa-solid fa-circle\"><\/i>Estacionamiento para Visitas<\/td><\/tr><tr><td><i class=\"fa-solid fa-circle\"><\/i>Seguridad<\/td><td><i class=\"fa-solid fa-circle\"><\/i>Y muchas m\u00e1s&#8230;<\/td><\/tr><\/tbody><\/table><\/figure>\n\n\n<div class=\"wp-block-image\">\n<figure class=\"aligncenter size-full is-resized\"><img decoding=\"async\" src=\"https:\/\/gdcdesarrollos.com\/blog\/wp-content\/uploads\/2023\/08\/icon-beyond-night.jpg\" alt=\"\" class=\"wp-image-453\" style=\"height:500px\" height=\"500\" srcset=\"https:\/\/gdcdesarrollos.com\/blog\/wp-content\/uploads\/2023\/08\/icon-beyond-night.jpg 974w, https:\/\/gdcdesarrollos.com\/blog\/wp-content\/uploads\/2023\/08\/icon-beyond-night-292x300.jpg 292w, https:\/\/gdcdesarrollos.com\/blog\/wp-content\/uploads\/2023\/08\/icon-beyond-night-768x789.jpg 768w\" sizes=\"(max-width: 974px) 100vw, 974px\" \/><\/figure>\n<\/div>\n\n\n<p>Cada departamento cuenta con un sistema inteligente de iluminaci\u00f3n y audio, con el cual podr\u00e1s hacer de tu hogar un espacio c\u00f3modo y pr\u00e1ctico, convirti\u00e9ndolo por completo en un Smart Home mediante la conexi\u00f3n inal\u00e1mbrica a tu pantalla, persianas, timbre, c\u00e1maras de vigilancia, aire acondicionado inteligente y m\u00e1s art\u00edculos compatibles con nuestro moderno sistema, haciendo de tu d\u00eda a d\u00eda en nuestros departamentos, una experiencia inmejorable.<\/p>\n\n\n\n<ul class=\"wp-block-list\">\n<li>Marmol en ba\u00f1os y cocina<\/li>\n\n\n\n<li>Madera de ingenier\u00eda<\/li>\n\n\n\n<li>Barras de porcelanato<\/li>\n\n\n\n<li>Doble vidrio en ventanas<\/li>\n<\/ul>\n\n\n\n<h3 class=\"wp-block-heading\">Ubicaci\u00f3n:<\/h3>\n\n\n\n<p><a href=\"https:\/\/ul.waze.com\/ul?place=ChIJo0-71yEA0oURNlGQwTsy5H8&amp;ll=19.35922260%2C-99.19293990&amp;navigate=yes&amp;utm_campaign=iframe+module&amp;utm_source=waze_website&amp;utm_medium=lm_share_location\" data-type=\"link\" data-id=\"https:\/\/ul.waze.com\/ul?place=ChIJo0-71yEA0oURNlGQwTsy5H8&amp;ll=19.35922260%2C-99.19293990&amp;navigate=yes&amp;utm_campaign=iframe+module&amp;utm_source=waze_website&amp;utm_medium=lm_share_location\">Blvd. Adolfo L\u00f3pez Mateos 1977, Los Alpes, \u00c1lvaro Obreg\u00f3n<\/a><\/p>\n","protected":false},"excerpt":{"rendered":"<p>Icon Beyond revoluciona el concepto arquitect\u00f3nico mexicano mediante la tecnolog\u00eda, modernidad, lujo y dise\u00f1o que lo caracterizan. Dentro de Icon Beyond podr\u00e1s encontrar incre\u00edbles espacios&hellip;<\/p>\n","protected":false},"author":1,"featured_media":322,"parent":0,"menu_order":0,"comment_status":"closed","ping_status":"closed","template":"","meta":{"footnotes":""},"ppma_author":[7],"class_list":["post-104","page","type-page","status-publish","has-post-thumbnail","hentry"],"yoast_head":"<!-- This site is optimized with the Yoast SEO plugin v23.7 - https:\/\/yoast.com\/wordpress\/plugins\/seo\/ -->\n<title>Icon Beyond por Santiago Morales Broc - Blog - GDC Desarrollos<\/title>\n<meta name=\"description\" content=\"Icon Beyond revoluciona el concepto arquitect\u00f3nico mexicano mediante la tecnolog\u00eda, modernidad, lujo y dise\u00f1o que lo caracterizan.\" \/>\n<meta name=\"robots\" content=\"index, follow, max-snippet:-1, max-image-preview:large, max-video-preview:-1\" \/>\n<link rel=\"canonical\" href=\"https:\/\/gdcdesarrollos.com\/blog\/icon-beyond-gdc-desarrollos\/\" \/>\n<meta property=\"og:locale\" content=\"es_MX\" \/>\n<meta property=\"og:type\" content=\"article\" \/>\n<meta property=\"og:title\" content=\"Icon Beyond por Santiago Morales Broc - Blog - GDC Desarrollos\" \/>\n<meta property=\"og:description\" content=\"Icon Beyond revoluciona el concepto arquitect\u00f3nico mexicano mediante la tecnolog\u00eda, modernidad, lujo y dise\u00f1o que lo caracterizan.\" \/>\n<meta property=\"og:url\" content=\"https:\/\/gdcdesarrollos.com\/blog\/icon-beyond-gdc-desarrollos\/\" \/>\n<meta property=\"og:site_name\" content=\"Blog - GDC Desarrollos\" \/>\n<meta property=\"article:publisher\" content=\"https:\/\/www.facebook.com\/GDCdesarrollosMX\" \/>\n<meta property=\"article:modified_time\" content=\"2023-10-06T04:35:16+00:00\" \/>\n<meta property=\"og:image\" content=\"https:\/\/gdcdesarrollos.com\/blog\/wp-content\/uploads\/2023\/07\/icon-beyond-fachada.webp\" \/>\n\t<meta property=\"og:image:width\" content=\"1625\" \/>\n\t<meta property=\"og:image:height\" content=\"2289\" \/>\n\t<meta property=\"og:image:type\" content=\"image\/webp\" \/>\n<meta name=\"twitter:card\" content=\"summary_large_image\" \/>\n<meta name=\"twitter:label1\" content=\"Tiempo de lectura\" \/>\n\t<meta name=\"twitter:data1\" content=\"2 minutos\" \/>\n<script type=\"application\/ld+json\" class=\"yoast-schema-graph\">{\"@context\":\"https:\/\/schema.org\",\"@graph\":[{\"@type\":\"WebPage\",\"@id\":\"https:\/\/gdcdesarrollos.com\/blog\/icon-beyond-gdc-desarrollos\/\",\"url\":\"https:\/\/gdcdesarrollos.com\/blog\/icon-beyond-gdc-desarrollos\/\",\"name\":\"Icon Beyond por Santiago Morales Broc - Blog - GDC Desarrollos\",\"isPartOf\":{\"@id\":\"https:\/\/gdcdesarrollos.com\/blog\/#website\"},\"primaryImageOfPage\":{\"@id\":\"https:\/\/gdcdesarrollos.com\/blog\/icon-beyond-gdc-desarrollos\/#primaryimage\"},\"image\":{\"@id\":\"https:\/\/gdcdesarrollos.com\/blog\/icon-beyond-gdc-desarrollos\/#primaryimage\"},\"thumbnailUrl\":\"https:\/\/gdcdesarrollos.com\/blog\/wp-content\/uploads\/2023\/07\/icon-beyond-fachada.webp\",\"datePublished\":\"2018-07-23T11:59:26+00:00\",\"dateModified\":\"2023-10-06T04:35:16+00:00\",\"description\":\"Icon Beyond revoluciona el concepto arquitect\u00f3nico mexicano mediante la tecnolog\u00eda, modernidad, lujo y dise\u00f1o que lo caracterizan.\",\"breadcrumb\":{\"@id\":\"https:\/\/gdcdesarrollos.com\/blog\/icon-beyond-gdc-desarrollos\/#breadcrumb\"},\"inLanguage\":\"es\",\"potentialAction\":[{\"@type\":\"ReadAction\",\"target\":[\"https:\/\/gdcdesarrollos.com\/blog\/icon-beyond-gdc-desarrollos\/\"]}]},{\"@type\":\"ImageObject\",\"inLanguage\":\"es\",\"@id\":\"https:\/\/gdcdesarrollos.com\/blog\/icon-beyond-gdc-desarrollos\/#primaryimage\",\"url\":\"https:\/\/gdcdesarrollos.com\/blog\/wp-content\/uploads\/2023\/07\/icon-beyond-fachada.webp\",\"contentUrl\":\"https:\/\/gdcdesarrollos.com\/blog\/wp-content\/uploads\/2023\/07\/icon-beyond-fachada.webp\",\"width\":1625,\"height\":2289},{\"@type\":\"BreadcrumbList\",\"@id\":\"https:\/\/gdcdesarrollos.com\/blog\/icon-beyond-gdc-desarrollos\/#breadcrumb\",\"itemListElement\":[{\"@type\":\"ListItem\",\"position\":1,\"name\":\"Inicio\",\"item\":\"https:\/\/gdcdesarrollos.com\/blog\/\"},{\"@type\":\"ListItem\",\"position\":2,\"name\":\"Icon Beyond por Santiago Morales Broc\"}]},{\"@type\":\"WebSite\",\"@id\":\"https:\/\/gdcdesarrollos.com\/blog\/#website\",\"url\":\"https:\/\/gdcdesarrollos.com\/blog\/\",\"name\":\"Blog - GDC Desarrollos\",\"description\":\"Art\u00edculos de inter\u00e9s en desarrollo inmobiliario, bienes ra\u00edces e inversiones.\",\"publisher\":{\"@id\":\"https:\/\/gdcdesarrollos.com\/blog\/#organization\"},\"potentialAction\":[{\"@type\":\"SearchAction\",\"target\":{\"@type\":\"EntryPoint\",\"urlTemplate\":\"https:\/\/gdcdesarrollos.com\/blog\/?s={search_term_string}\"},\"query-input\":{\"@type\":\"PropertyValueSpecification\",\"valueRequired\":true,\"valueName\":\"search_term_string\"}}],\"inLanguage\":\"es\"},{\"@type\":\"Organization\",\"@id\":\"https:\/\/gdcdesarrollos.com\/blog\/#organization\",\"name\":\"GDC Desarrollos\",\"url\":\"https:\/\/gdcdesarrollos.com\/blog\/\",\"logo\":{\"@type\":\"ImageObject\",\"inLanguage\":\"es\",\"@id\":\"https:\/\/gdcdesarrollos.com\/blog\/#\/schema\/logo\/image\/\",\"url\":\"https:\/\/gdcdesarrollos.com\/blog\/wp-content\/uploads\/2023\/07\/logo-gdc-desarrollos-blanco.png\",\"contentUrl\":\"https:\/\/gdcdesarrollos.com\/blog\/wp-content\/uploads\/2023\/07\/logo-gdc-desarrollos-blanco.png\",\"width\":275,\"height\":122,\"caption\":\"GDC Desarrollos\"},\"image\":{\"@id\":\"https:\/\/gdcdesarrollos.com\/blog\/#\/schema\/logo\/image\/\"},\"sameAs\":[\"https:\/\/www.facebook.com\/GDCdesarrollosMX\",\"https:\/\/www.instagram.com\/gdc_desarrollos\/\",\"https:\/\/www.youtube.com\/channel\/UCWq5_GfT1lpvkwICsXb5rlg\",\"https:\/\/www.tiktok.com\/@gdc_desarrollos\",\"https:\/\/www.pinterest.com.mx\/gdcdesarrollos\"]}]}<\/script>\n<!-- \/ Yoast SEO plugin. -->","yoast_head_json":{"title":"Icon Beyond por Santiago Morales Broc - Blog - GDC Desarrollos","description":"Icon Beyond revoluciona el concepto arquitect\u00f3nico mexicano mediante la tecnolog\u00eda, modernidad, lujo y dise\u00f1o que lo caracterizan.","robots":{"index":"index","follow":"follow","max-snippet":"max-snippet:-1","max-image-preview":"max-image-preview:large","max-video-preview":"max-video-preview:-1"},"canonical":"https:\/\/gdcdesarrollos.com\/blog\/icon-beyond-gdc-desarrollos\/","og_locale":"es_MX","og_type":"article","og_title":"Icon Beyond por Santiago Morales Broc - Blog - GDC Desarrollos","og_description":"Icon Beyond revoluciona el concepto arquitect\u00f3nico mexicano mediante la tecnolog\u00eda, modernidad, lujo y dise\u00f1o que lo caracterizan.","og_url":"https:\/\/gdcdesarrollos.com\/blog\/icon-beyond-gdc-desarrollos\/","og_site_name":"Blog - GDC Desarrollos","article_publisher":"https:\/\/www.facebook.com\/GDCdesarrollosMX","article_modified_time":"2023-10-06T04:35:16+00:00","og_image":[{"width":1625,"height":2289,"url":"https:\/\/gdcdesarrollos.com\/blog\/wp-content\/uploads\/2023\/07\/icon-beyond-fachada.webp","type":"image\/webp"}],"twitter_card":"summary_large_image","twitter_misc":{"Tiempo de lectura":"2 minutos"},"schema":{"@context":"https:\/\/schema.org","@graph":[{"@type":"WebPage","@id":"https:\/\/gdcdesarrollos.com\/blog\/icon-beyond-gdc-desarrollos\/","url":"https:\/\/gdcdesarrollos.com\/blog\/icon-beyond-gdc-desarrollos\/","name":"Icon Beyond por Santiago Morales Broc - Blog - GDC Desarrollos","isPartOf":{"@id":"https:\/\/gdcdesarrollos.com\/blog\/#website"},"primaryImageOfPage":{"@id":"https:\/\/gdcdesarrollos.com\/blog\/icon-beyond-gdc-desarrollos\/#primaryimage"},"image":{"@id":"https:\/\/gdcdesarrollos.com\/blog\/icon-beyond-gdc-desarrollos\/#primaryimage"},"thumbnailUrl":"https:\/\/gdcdesarrollos.com\/blog\/wp-content\/uploads\/2023\/07\/icon-beyond-fachada.webp","datePublished":"2018-07-23T11:59:26+00:00","dateModified":"2023-10-06T04:35:16+00:00","description":"Icon Beyond revoluciona el concepto arquitect\u00f3nico mexicano mediante la tecnolog\u00eda, modernidad, lujo y dise\u00f1o que lo caracterizan.","breadcrumb":{"@id":"https:\/\/gdcdesarrollos.com\/blog\/icon-beyond-gdc-desarrollos\/#breadcrumb"},"inLanguage":"es","potentialAction":[{"@type":"ReadAction","target":["https:\/\/gdcdesarrollos.com\/blog\/icon-beyond-gdc-desarrollos\/"]}]},{"@type":"ImageObject","inLanguage":"es","@id":"https:\/\/gdcdesarrollos.com\/blog\/icon-beyond-gdc-desarrollos\/#primaryimage","url":"https:\/\/gdcdesarrollos.com\/blog\/wp-content\/uploads\/2023\/07\/icon-beyond-fachada.webp","contentUrl":"https:\/\/gdcdesarrollos.com\/blog\/wp-content\/uploads\/2023\/07\/icon-beyond-fachada.webp","width":1625,"height":2289},{"@type":"BreadcrumbList","@id":"https:\/\/gdcdesarrollos.com\/blog\/icon-beyond-gdc-desarrollos\/#breadcrumb","itemListElement":[{"@type":"ListItem","position":1,"name":"Inicio","item":"https:\/\/gdcdesarrollos.com\/blog\/"},{"@type":"ListItem","position":2,"name":"Icon Beyond por Santiago Morales Broc"}]},{"@type":"WebSite","@id":"https:\/\/gdcdesarrollos.com\/blog\/#website","url":"https:\/\/gdcdesarrollos.com\/blog\/","name":"Blog - GDC Desarrollos","description":"Art\u00edculos de inter\u00e9s en desarrollo inmobiliario, bienes ra\u00edces e inversiones.","publisher":{"@id":"https:\/\/gdcdesarrollos.com\/blog\/#organization"},"potentialAction":[{"@type":"SearchAction","target":{"@type":"EntryPoint","urlTemplate":"https:\/\/gdcdesarrollos.com\/blog\/?s={search_term_string}"},"query-input":{"@type":"PropertyValueSpecification","valueRequired":true,"valueName":"search_term_string"}}],"inLanguage":"es"},{"@type":"Organization","@id":"https:\/\/gdcdesarrollos.com\/blog\/#organization","name":"GDC Desarrollos","url":"https:\/\/gdcdesarrollos.com\/blog\/","logo":{"@type":"ImageObject","inLanguage":"es","@id":"https:\/\/gdcdesarrollos.com\/blog\/#\/schema\/logo\/image\/","url":"https:\/\/gdcdesarrollos.com\/blog\/wp-content\/uploads\/2023\/07\/logo-gdc-desarrollos-blanco.png","contentUrl":"https:\/\/gdcdesarrollos.com\/blog\/wp-content\/uploads\/2023\/07\/logo-gdc-desarrollos-blanco.png","width":275,"height":122,"caption":"GDC Desarrollos"},"image":{"@id":"https:\/\/gdcdesarrollos.com\/blog\/#\/schema\/logo\/image\/"},"sameAs":["https:\/\/www.facebook.com\/GDCdesarrollosMX","https:\/\/www.instagram.com\/gdc_desarrollos\/","https:\/\/www.youtube.com\/channel\/UCWq5_GfT1lpvkwICsXb5rlg","https:\/\/www.tiktok.com\/@gdc_desarrollos","https:\/\/www.pinterest.com.mx\/gdcdesarrollos"]}]}},"_links":{"self":[{"href":"https:\/\/gdcdesarrollos.com\/blog\/wp-json\/wp\/v2\/pages\/104","targetHints":{"allow":["GET"]}}],"collection":[{"href":"https:\/\/gdcdesarrollos.com\/blog\/wp-json\/wp\/v2\/pages"}],"about":[{"href":"https:\/\/gdcdesarrollos.com\/blog\/wp-json\/wp\/v2\/types\/page"}],"author":[{"embeddable":true,"href":"https:\/\/gdcdesarrollos.com\/blog\/wp-json\/wp\/v2\/users\/1"}],"replies":[{"embeddable":true,"href":"https:\/\/gdcdesarrollos.com\/blog\/wp-json\/wp\/v2\/comments?post=104"}],"version-history":[{"count":3,"href":"https:\/\/gdcdesarrollos.com\/blog\/wp-json\/wp\/v2\/pages\/104\/revisions"}],"predecessor-version":[{"id":455,"href":"https:\/\/gdcdesarrollos.com\/blog\/wp-json\/wp\/v2\/pages\/104\/revisions\/455"}],"wp:featuredmedia":[{"embeddable":true,"href":"https:\/\/gdcdesarrollos.com\/blog\/wp-json\/wp\/v2\/media\/322"}],"wp:attachment":[{"href":"https:\/\/gdcdesarrollos.com\/blog\/wp-json\/wp\/v2\/media?parent=104"}],"wp:term":[{"taxonomy":"author","embeddable":true,"href":"https:\/\/gdcdesarrollos.com\/blog\/wp-json\/wp\/v2\/ppma_author?post=104"}],"curies":[{"name":"wp","href":"https:\/\/api.w.org\/{rel}","templated":true}]}}